{"id":19,"date":"2016-03-14T15:48:36","date_gmt":"2016-03-14T15:48:36","guid":{"rendered":"http:\/\/172.30.28.12\/airenka\/?page_id=19"},"modified":"2023-11-07T11:45:36","modified_gmt":"2023-11-07T08:45:36","slug":"contact-us","status":"publish","type":"page","link":"https:\/\/www.enkapower.com\/en\/contact-us\/","title":{"rendered":"Contact Us"},"content":{"rendered":"<div class=\"row\">\n<div class=\"col-lg-6 col-md-6 col-sm-12\">\n<div class=\"alert-box info\"><i class=\"icons icon-address\"><\/i><p><strong>Istanbul Head Office<\/strong><\/p><\/div>\n<table style=\"border-color: #ffffff;\">\n<tbody>\n<tr>\n<td style=\"border-color: #ffffff;\">Balmumcu Mah., Zincirlikuyu Yolu Sok., Enka A.\u015e., No:10, 34349, Be\u015fikta\u015f \/ Istanbul, T\u00fcrkiye<\/td>\n<\/tr>\n<tr>\n<td style=\"border-color: #ffffff;\">Phone : +90 (212) 355 8100 Fax : +90 (212) 275 2461<\/td>\n<\/tr>\n<tr>\n<td style=\"border-color: #ffffff;\">E-Mail : <a href=\"mailto:info@enkapower.com\" target=\"_blank\" rel=\"noopener noreferrer\">info@enkapower.com<\/a><\/td>\n<\/tr>\n<\/tbody>\n<\/table>\n<\/div>\n<div class=\"col-lg-6 col-md-6 col-sm-12\">\n<div class=\"alert-box info\"><i class=\"icons icon-address\"><\/i><p><strong>Gebze \/ Adapazar\u0131 Power Plants<\/strong><\/p><\/div>\n<table style=\"border-color: #ffffff;\">\n<tbody>\n<tr>\n<td style=\"border-color: #ffffff;\">Ta\u015fk\u0131s\u0131\u011f\u0131 K\u00f6y\u00fc, \u00c7ay\u0131rtarla Mevkii, 54000, Adapazar\u0131 \/ Sakarya, Turkey<\/td>\n<\/tr>\n<tr>\n<td style=\"border-color: #ffffff;\">Phone : +90 (264) 289 0100 Fax : +90 (264) 323 3985<\/td>\n<\/tr>\n<tr>\n<td style=\"border-color: #ffffff;\">E-Mail : <a href=\"mailto:adapazari-ik@enkapower.com\" target=\"_blank\" rel=\"noopener noreferrer\">adapazari-ik@enkapower.com<\/a><\/td>\n<\/tr>\n<\/tbody>\n<\/table>\n<\/div>\n<\/div> \n<p>&nbsp;<\/p>\n<div class=\"row\">\n<div class=\"col-lg-6 col-md-6 col-sm-12\">\n<div class=\"alert-box info\"><i class=\"icons icon-address\"><\/i><p><strong>\u0130zmir Elektrik Power Plant<\/strong><\/p><\/div>\n<table style=\"border-color: #ffffff;\">\n<tbody>\n<tr>\n<td style=\"border-color: #ffffff;\">9. Cadde No: 11 Bozk\u00f6y \/ Alia\u011fa, 35800, \u0130zmir, Turkey<\/td>\n<\/tr>\n<tr>\n<td style=\"border-color: #ffffff;\">Phone : +90 (232) 610 3000 Fax : +90 (232) 625 2155<\/td>\n<\/tr>\n<tr>\n<td style=\"border-color: #ffffff;\">E-Mail : <a href=\"mailto:izmir-ik@enkapower.com\" target=\"_blank\" rel=\"noopener noreferrer\">izmir-ik@enkapower.com<\/a><\/td>\n<\/tr>\n<\/tbody>\n<\/table>\n<\/div>\n<div class=\"col-lg-6 col-md-6 col-sm-12\">\n<div class=\"alert-box info\"><i class=\"icons icon-address\"><\/i><p><strong>ENKA \u0130n\u015faat ve Sanayi A.\u015e<\/strong><\/p><\/div>\n<table style=\"border-color: #ffffff;\">\n<tbody>\n<tr>\n<td style=\"border-color: #ffffff;\">Balmumcu Mah., Zincirlikuyu Yolu No: 10, 34349, Be\u015fikta\u015f \/ Istanbul, Turkey<\/td>\n<\/tr>\n<tr>\n<td style=\"border-color: #ffffff;\">Phone : +90 (212) 376 1000 Fax : +90 (212) 376 1980<\/td>\n<\/tr>\n<tr>\n<td style=\"border-color: #ffffff;\">E-Mail : <a href=\"mailto:enka@enka.com\" target=\"_blank\" rel=\"noopener noreferrer\">enka@enka.com<\/a><\/td>\n<\/tr>\n<\/tbody>\n<\/table>\n<\/div>\n<\/div> \n<p>&nbsp;<\/p>\n","protected":false},"excerpt":{"rendered":"<p>&nbsp; &nbsp;<\/p>\n","protected":false},"author":1,"featured_media":0,"parent":0,"menu_order":0,"comment_status":"closed","ping_status":"closed","template":"template-contact-form-ext.php","meta":{"_acf_changed":false,"inline_featured_image":false,"footnotes":""},"class_list":["post-19","page","type-page","status-publish","hentry"],"acf":[],"_links":{"self":[{"href":"https:\/\/www.enkapower.com\/en\/wp-json\/wp\/v2\/pages\/19","targetHints":{"allow":["GET"]}}],"collection":[{"href":"https:\/\/www.enkapower.com\/en\/wp-json\/wp\/v2\/pages"}],"about":[{"href":"https:\/\/www.enkapower.com\/en\/wp-json\/wp\/v2\/types\/page"}],"author":[{"embeddable":true,"href":"https:\/\/www.enkapower.com\/en\/wp-json\/wp\/v2\/users\/1"}],"replies":[{"embeddable":true,"href":"https:\/\/www.enkapower.com\/en\/wp-json\/wp\/v2\/comments?post=19"}],"version-history":[{"count":0,"href":"https:\/\/www.enkapower.com\/en\/wp-json\/wp\/v2\/pages\/19\/revisions"}],"wp:attachment":[{"href":"https:\/\/www.enkapower.com\/en\/wp-json\/wp\/v2\/media?parent=19"}],"curies":[{"name":"wp","href":"https:\/\/api.w.org\/{rel}","templated":true}]}}